{"id":8,"date":"2024-11-04T17:59:09","date_gmt":"2024-11-04T17:59:09","guid":{"rendered":"https:\/\/olhardossonhos.com.br\/?page_id=8"},"modified":"2024-11-11T19:32:24","modified_gmt":"2024-11-11T19:32:24","slug":"home","status":"publish","type":"page","link":"https:\/\/olhardossonhos.com.br\/home\/","title":{"rendered":"Home"},"content":{"rendered":"\t\t<div data-elementor-type=\"wp-page\" data-elementor-id=\"8\" class=\"elementor elementor-8\" data-elementor-post-type=\"page\">\n\t\t\t\t<div class=\"elementor-element elementor-element-f7f6934 e-con-full e-flex e-con e-parent\" data-id=\"f7f6934\" data-element_type=\"container\" data-e-type=\"container\" data-settings=\"{&quot;background_background&quot;:&quot;classic&quot;}\">\n\t\t\t\t<div class=\"elementor-element elementor-element-d590f72 elementor-widget elementor-widget-heading\" data-id=\"d590f72\" data-element_type=\"widget\" data-e-type=\"widget\" data-widget_type=\"heading.default\">\n\t\t\t\t<div class=\"elementor-widget-container\">\n\t\t\t\t\t<h2 class=\"elementor-heading-title elementor-size-default\">capturando momentos enquanto eles acontecem<\/h2>\t\t\t\t<\/div>\n\t\t\t\t<\/div>\n\t\t\t\t<div class=\"elementor-element elementor-element-e63e3f4 elementor-widget elementor-widget-heading\" data-id=\"e63e3f4\" data-element_type=\"widget\" data-e-type=\"widget\" data-widget_type=\"heading.default\">\n\t\t\t\t<div class=\"elementor-widget-container\">\n\t\t\t\t\t<h2 class=\"elementor-heading-title elementor-size-default\">Capturamos momentos \u00fanicos com qualidade e autenticidade, atendendo desde fam\u00edlias que desejam guardar lembran\u00e7as at\u00e9 profissionais que buscam uma imagem de perfil marcante.<\/h2>\t\t\t\t<\/div>\n\t\t\t\t<\/div>\n\t\t\t\t<div class=\"elementor-element elementor-element-cae60cc elementor-widget__width-inherit elementor-grid-3 elementor-grid-tablet-2 elementor-grid-mobile-1 elementor-widget elementor-widget-portfolio\" data-id=\"cae60cc\" data-element_type=\"widget\" data-e-type=\"widget\" data-settings=\"{&quot;columns&quot;:&quot;3&quot;,&quot;columns_tablet&quot;:&quot;2&quot;,&quot;columns_mobile&quot;:&quot;1&quot;,&quot;item_ratio&quot;:{&quot;unit&quot;:&quot;px&quot;,&quot;size&quot;:0.66000000000000003108624468950438313186168670654296875,&quot;sizes&quot;:[]},&quot;item_gap&quot;:{&quot;unit&quot;:&quot;px&quot;,&quot;size&quot;:&quot;&quot;,&quot;sizes&quot;:[]},&quot;row_gap&quot;:{&quot;unit&quot;:&quot;px&quot;,&quot;size&quot;:&quot;&quot;,&quot;sizes&quot;:[]}}\" data-widget_type=\"portfolio.default\">\n\t\t\t\t<div class=\"elementor-widget-container\">\n\t\t\t\t\t\t\t<div class=\"elementor-portfolio elementor-grid elementor-posts-container\">\n\t\t\t\t<article class=\"elementor-portfolio-item elementor-post elementor-filter-6 post-90 post type-post status-publish format-standard has-post-thumbnail hentry category-portfolio tag-portfolio\">\n\t\t\t<a class=\"elementor-post__thumbnail__link\" href=\"https:\/\/olhardossonhos.com.br\/home\/pre-wedding\/\">\n\t\t\t\t<div class=\"elementor-portfolio-item__img elementor-post__thumbnail\">\n\t\t\t<img fetchpriority=\"high\" decoding=\"async\" width=\"2048\" height=\"1152\" src=\"https:\/\/olhardossonhos.com.br\/wp-content\/uploads\/2024\/11\/ods-14.jpg\" class=\"attachment-full size-full wp-image-181\" alt=\"\" srcset=\"https:\/\/olhardossonhos.com.br\/wp-content\/uploads\/2024\/11\/ods-14.jpg 2048w, https:\/\/olhardossonhos.com.br\/wp-content\/uploads\/2024\/11\/ods-14-300x169.jpg 300w, https:\/\/olhardossonhos.com.br\/wp-content\/uploads\/2024\/11\/ods-14-1024x576.jpg 1024w, https:\/\/olhardossonhos.com.br\/wp-content\/uploads\/2024\/11\/ods-14-768x432.jpg 768w, https:\/\/olhardossonhos.com.br\/wp-content\/uploads\/2024\/11\/ods-14-1536x864.jpg 1536w\" sizes=\"(max-width: 2048px) 100vw, 2048px\" \/>\t\t<\/div>\n\t\t\t\t<div class=\"elementor-portfolio-item__overlay\">\n\t\t\t\t<h3 class=\"elementor-portfolio-item__title\">\n\t\tPre Wedding\t\t<\/h3>\n\t\t\t\t<\/div>\n\t\t\t\t<\/a>\n\t\t<\/article>\n\t\t\t\t<article class=\"elementor-portfolio-item elementor-post elementor-filter-6 post-95 post type-post status-publish format-standard has-post-thumbnail hentry category-portfolio tag-portfolio\">\n\t\t\t<a class=\"elementor-post__thumbnail__link\" href=\"https:\/\/olhardossonhos.com.br\/home\/casamentos\/\">\n\t\t\t\t<div class=\"elementor-portfolio-item__img elementor-post__thumbnail\">\n\t\t\t<img decoding=\"async\" width=\"2048\" height=\"1365\" src=\"https:\/\/olhardossonhos.com.br\/wp-content\/uploads\/2024\/11\/ods-5.jpg\" class=\"attachment-full size-full wp-image-97\" alt=\"\" srcset=\"https:\/\/olhardossonhos.com.br\/wp-content\/uploads\/2024\/11\/ods-5.jpg 2048w, https:\/\/olhardossonhos.com.br\/wp-content\/uploads\/2024\/11\/ods-5-300x200.jpg 300w, https:\/\/olhardossonhos.com.br\/wp-content\/uploads\/2024\/11\/ods-5-1024x683.jpg 1024w, https:\/\/olhardossonhos.com.br\/wp-content\/uploads\/2024\/11\/ods-5-768x512.jpg 768w, https:\/\/olhardossonhos.com.br\/wp-content\/uploads\/2024\/11\/ods-5-1536x1024.jpg 1536w\" sizes=\"(max-width: 2048px) 100vw, 2048px\" \/>\t\t<\/div>\n\t\t\t\t<div class=\"elementor-portfolio-item__overlay\">\n\t\t\t\t<h3 class=\"elementor-portfolio-item__title\">\n\t\tCasamentos\t\t<\/h3>\n\t\t\t\t<\/div>\n\t\t\t\t<\/a>\n\t\t<\/article>\n\t\t\t\t<article class=\"elementor-portfolio-item elementor-post elementor-filter-6 post-103 post type-post status-publish format-standard has-post-thumbnail hentry category-portfolio tag-portfolio\">\n\t\t\t<a class=\"elementor-post__thumbnail__link\" href=\"https:\/\/olhardossonhos.com.br\/home\/gestantes\/\">\n\t\t\t\t<div class=\"elementor-portfolio-item__img elementor-post__thumbnail\">\n\t\t\t<img decoding=\"async\" width=\"1365\" height=\"768\" src=\"https:\/\/olhardossonhos.com.br\/wp-content\/uploads\/2024\/11\/ods-13.jpg\" class=\"attachment-full size-full wp-image-180\" alt=\"\" srcset=\"https:\/\/olhardossonhos.com.br\/wp-content\/uploads\/2024\/11\/ods-13.jpg 1365w, https:\/\/olhardossonhos.com.br\/wp-content\/uploads\/2024\/11\/ods-13-300x169.jpg 300w, https:\/\/olhardossonhos.com.br\/wp-content\/uploads\/2024\/11\/ods-13-1024x576.jpg 1024w, https:\/\/olhardossonhos.com.br\/wp-content\/uploads\/2024\/11\/ods-13-768x432.jpg 768w\" sizes=\"(max-width: 1365px) 100vw, 1365px\" \/>\t\t<\/div>\n\t\t\t\t<div class=\"elementor-portfolio-item__overlay\">\n\t\t\t\t<h3 class=\"elementor-portfolio-item__title\">\n\t\tGestantes\t\t<\/h3>\n\t\t\t\t<\/div>\n\t\t\t\t<\/a>\n\t\t<\/article>\n\t\t\t\t<article class=\"elementor-portfolio-item elementor-post elementor-filter-6 post-176 post type-post status-publish format-standard has-post-thumbnail hentry category-portfolio tag-portfolio\">\n\t\t\t<a class=\"elementor-post__thumbnail__link\" href=\"https:\/\/olhardossonhos.com.br\/home\/infantil\/\">\n\t\t\t\t<div class=\"elementor-portfolio-item__img elementor-post__thumbnail\">\n\t\t\t<img loading=\"lazy\" decoding=\"async\" width=\"2048\" height=\"1152\" src=\"https:\/\/olhardossonhos.com.br\/wp-content\/uploads\/2024\/11\/ods-11.jpg\" class=\"attachment-full size-full wp-image-167\" alt=\"\" srcset=\"https:\/\/olhardossonhos.com.br\/wp-content\/uploads\/2024\/11\/ods-11.jpg 2048w, https:\/\/olhardossonhos.com.br\/wp-content\/uploads\/2024\/11\/ods-11-300x169.jpg 300w, https:\/\/olhardossonhos.com.br\/wp-content\/uploads\/2024\/11\/ods-11-1024x576.jpg 1024w, https:\/\/olhardossonhos.com.br\/wp-content\/uploads\/2024\/11\/ods-11-768x432.jpg 768w, https:\/\/olhardossonhos.com.br\/wp-content\/uploads\/2024\/11\/ods-11-1536x864.jpg 1536w\" sizes=\"(max-width: 2048px) 100vw, 2048px\" \/>\t\t<\/div>\n\t\t\t\t<div class=\"elementor-portfolio-item__overlay\">\n\t\t\t\t<h3 class=\"elementor-portfolio-item__title\">\n\t\tInfantil\t\t<\/h3>\n\t\t\t\t<\/div>\n\t\t\t\t<\/a>\n\t\t<\/article>\n\t\t\t\t<article class=\"elementor-portfolio-item elementor-post elementor-filter-6 post-101 post type-post status-publish format-standard has-post-thumbnail hentry category-portfolio tag-portfolio\">\n\t\t\t<a class=\"elementor-post__thumbnail__link\" href=\"https:\/\/olhardossonhos.com.br\/home\/familias\/\">\n\t\t\t\t<div class=\"elementor-portfolio-item__img elementor-post__thumbnail\">\n\t\t\t<img loading=\"lazy\" decoding=\"async\" width=\"2048\" height=\"1365\" src=\"https:\/\/olhardossonhos.com.br\/wp-content\/uploads\/2024\/11\/ods-7.jpg\" class=\"attachment-full size-full wp-image-99\" alt=\"\" srcset=\"https:\/\/olhardossonhos.com.br\/wp-content\/uploads\/2024\/11\/ods-7.jpg 2048w, https:\/\/olhardossonhos.com.br\/wp-content\/uploads\/2024\/11\/ods-7-300x200.jpg 300w, https:\/\/olhardossonhos.com.br\/wp-content\/uploads\/2024\/11\/ods-7-1024x683.jpg 1024w, https:\/\/olhardossonhos.com.br\/wp-content\/uploads\/2024\/11\/ods-7-768x512.jpg 768w, https:\/\/olhardossonhos.com.br\/wp-content\/uploads\/2024\/11\/ods-7-1536x1024.jpg 1536w\" sizes=\"(max-width: 2048px) 100vw, 2048px\" \/>\t\t<\/div>\n\t\t\t\t<div class=\"elementor-portfolio-item__overlay\">\n\t\t\t\t<h3 class=\"elementor-portfolio-item__title\">\n\t\tFam\u00edlias\t\t<\/h3>\n\t\t\t\t<\/div>\n\t\t\t\t<\/a>\n\t\t<\/article>\n\t\t\t\t<article class=\"elementor-portfolio-item elementor-post elementor-filter-6 post-105 post type-post status-publish format-standard has-post-thumbnail hentry category-portfolio tag-portfolio\">\n\t\t\t<a class=\"elementor-post__thumbnail__link\" href=\"https:\/\/olhardossonhos.com.br\/home\/debutantes\/\">\n\t\t\t\t<div class=\"elementor-portfolio-item__img elementor-post__thumbnail\">\n\t\t\t<img loading=\"lazy\" decoding=\"async\" width=\"2048\" height=\"1365\" src=\"https:\/\/olhardossonhos.com.br\/wp-content\/uploads\/2024\/11\/ods-3.jpg\" class=\"attachment-full size-full wp-image-87\" alt=\"\" srcset=\"https:\/\/olhardossonhos.com.br\/wp-content\/uploads\/2024\/11\/ods-3.jpg 2048w, https:\/\/olhardossonhos.com.br\/wp-content\/uploads\/2024\/11\/ods-3-300x200.jpg 300w, https:\/\/olhardossonhos.com.br\/wp-content\/uploads\/2024\/11\/ods-3-1024x683.jpg 1024w, https:\/\/olhardossonhos.com.br\/wp-content\/uploads\/2024\/11\/ods-3-768x512.jpg 768w, https:\/\/olhardossonhos.com.br\/wp-content\/uploads\/2024\/11\/ods-3-1536x1024.jpg 1536w\" sizes=\"(max-width: 2048px) 100vw, 2048px\" \/>\t\t<\/div>\n\t\t\t\t<div class=\"elementor-portfolio-item__overlay\">\n\t\t\t\t<h3 class=\"elementor-portfolio-item__title\">\n\t\tDebutantes\t\t<\/h3>\n\t\t\t\t<\/div>\n\t\t\t\t<\/a>\n\t\t<\/article>\n\t\t\t\t<\/div>\n\t\t\t\t\t\t<\/div>\n\t\t\t\t<\/div>\n\t\t\t\t<\/div>\n\t\t<div class=\"elementor-element elementor-element-359da77 e-flex e-con-boxed e-con e-parent\" data-id=\"359da77\" data-element_type=\"container\" data-e-type=\"container\" data-settings=\"{&quot;background_background&quot;:&quot;classic&quot;}\">\n\t\t\t\t\t<div class=\"e-con-inner\">\n\t\t<div class=\"elementor-element elementor-element-aeab712 e-con-full e-flex e-con e-child\" data-id=\"aeab712\" data-element_type=\"container\" data-e-type=\"container\">\n\t\t\t\t<div class=\"elementor-element elementor-element-014d263 elementor-widget__width-initial elementor-widget elementor-widget-heading\" data-id=\"014d263\" data-element_type=\"widget\" data-e-type=\"widget\" data-widget_type=\"heading.default\">\n\t\t\t\t<div class=\"elementor-widget-container\">\n\t\t\t\t\t<h5 class=\"elementor-heading-title elementor-size-default\">quem somos<\/h5>\t\t\t\t<\/div>\n\t\t\t\t<\/div>\n\t\t\t\t<div class=\"elementor-element elementor-element-f0caa08 elementor-widget__width-initial elementor-widget elementor-widget-heading\" data-id=\"f0caa08\" data-element_type=\"widget\" data-e-type=\"widget\" data-widget_type=\"heading.default\">\n\t\t\t\t<div class=\"elementor-widget-container\">\n\t\t\t\t\t<h1 class=\"elementor-heading-title elementor-size-default\">excel\u00eancia <br> e dedica\u00e7\u00e3o<\/h1>\t\t\t\t<\/div>\n\t\t\t\t<\/div>\n\t\t\t\t<div class=\"elementor-element elementor-element-cfc06a4 elementor-widget__width-initial elementor-widget elementor-widget-heading\" data-id=\"cfc06a4\" data-element_type=\"widget\" data-e-type=\"widget\" data-widget_type=\"heading.default\">\n\t\t\t\t<div class=\"elementor-widget-container\">\n\t\t\t\t\t<h2 class=\"elementor-heading-title elementor-size-default\">Apaixonados pelo que fazemos e dedicamos cada clique \u00e0 miss\u00e3o de eternizar momentos que contar\u00e3o a hist\u00f3ria de nossos clientes. <br><br> Com excel\u00eancia e respeito, captamos a ess\u00eancia de cada instante para criar mem\u00f3rias que realmente importam.<\/h2>\t\t\t\t<\/div>\n\t\t\t\t<\/div>\n\t\t\t\t<div class=\"elementor-element elementor-element-be27ff8 elementor-widget__width-initial elementor-widget elementor-widget-button\" data-id=\"be27ff8\" data-element_type=\"widget\" data-e-type=\"widget\" data-widget_type=\"button.default\">\n\t\t\t\t<div class=\"elementor-widget-container\">\n\t\t\t\t\t\t\t\t\t<div class=\"elementor-button-wrapper\">\n\t\t\t\t\t<a class=\"elementor-button elementor-button-link elementor-size-sm elementor-animation-grow\" href=\"https:\/\/olhardossonhos.com.br\/home\/sobre-nos\/\">\n\t\t\t\t\t\t<span class=\"elementor-button-content-wrapper\">\n\t\t\t\t\t\t\t\t\t<span class=\"elementor-button-text\">Saiba mais<\/span>\n\t\t\t\t\t<\/span>\n\t\t\t\t\t<\/a>\n\t\t\t\t<\/div>\n\t\t\t\t\t\t\t\t<\/div>\n\t\t\t\t<\/div>\n\t\t\t\t<\/div>\n\t\t<div class=\"elementor-element elementor-element-974abc1 e-con-full e-flex e-con e-child\" data-id=\"974abc1\" data-element_type=\"container\" data-e-type=\"container\">\n\t\t\t\t<div class=\"elementor-element elementor-element-2680cda elementor-widget elementor-widget-image\" data-id=\"2680cda\" data-element_type=\"widget\" data-e-type=\"widget\" data-widget_type=\"image.default\">\n\t\t\t\t<div class=\"elementor-widget-container\">\n\t\t\t\t\t\t\t\t\t\t\t\t\t\t\t<img loading=\"lazy\" decoding=\"async\" width=\"1365\" height=\"910\" src=\"https:\/\/olhardossonhos.com.br\/wp-content\/uploads\/2024\/11\/ods-17.jpg\" class=\"attachment-full size-full wp-image-192\" alt=\"\" srcset=\"https:\/\/olhardossonhos.com.br\/wp-content\/uploads\/2024\/11\/ods-17.jpg 1365w, https:\/\/olhardossonhos.com.br\/wp-content\/uploads\/2024\/11\/ods-17-300x200.jpg 300w, https:\/\/olhardossonhos.com.br\/wp-content\/uploads\/2024\/11\/ods-17-1024x683.jpg 1024w, https:\/\/olhardossonhos.com.br\/wp-content\/uploads\/2024\/11\/ods-17-768x512.jpg 768w\" sizes=\"(max-width: 1365px) 100vw, 1365px\" \/>\t\t\t\t\t\t\t\t\t\t\t\t\t\t\t<\/div>\n\t\t\t\t<\/div>\n\t\t\t\t<\/div>\n\t\t\t\t\t<\/div>\n\t\t\t\t<\/div>\n\t\t<div class=\"elementor-element elementor-element-110cefd e-con-full e-flex e-con e-parent\" data-id=\"110cefd\" data-element_type=\"container\" data-e-type=\"container\" data-settings=\"{&quot;background_background&quot;:&quot;classic&quot;}\">\n\t\t<div class=\"elementor-element elementor-element-0d7cc88 e-con-full e-flex e-con e-child\" data-id=\"0d7cc88\" data-element_type=\"container\" data-e-type=\"container\">\n\t\t\t\t<\/div>\n\t\t<div class=\"elementor-element elementor-element-748f4ad e-con-full e-flex e-con e-child\" data-id=\"748f4ad\" data-element_type=\"container\" data-e-type=\"container\">\n\t\t\t\t<\/div>\n\t\t\t\t<\/div>\n\t\t<div class=\"elementor-element elementor-element-523d67b e-flex e-con-boxed e-con e-parent\" data-id=\"523d67b\" data-element_type=\"container\" data-e-type=\"container\" data-settings=\"{&quot;background_background&quot;:&quot;classic&quot;}\">\n\t\t\t\t\t<div class=\"e-con-inner\">\n\t\t<div class=\"elementor-element elementor-element-b9d92e0 e-con-full e-flex e-con e-child\" data-id=\"b9d92e0\" data-element_type=\"container\" data-e-type=\"container\">\n\t\t\t\t<div class=\"elementor-element elementor-element-d5c6454 elementor-widget__width-initial elementor-widget elementor-widget-heading\" data-id=\"d5c6454\" data-element_type=\"widget\" data-e-type=\"widget\" data-widget_type=\"heading.default\">\n\t\t\t\t<div class=\"elementor-widget-container\">\n\t\t\t\t\t<h5 class=\"elementor-heading-title elementor-size-default\">perto de voc\u00ea<\/h5>\t\t\t\t<\/div>\n\t\t\t\t<\/div>\n\t\t\t\t<div class=\"elementor-element elementor-element-17611c5 elementor-widget__width-initial elementor-widget elementor-widget-heading\" data-id=\"17611c5\" data-element_type=\"widget\" data-e-type=\"widget\" data-widget_type=\"heading.default\">\n\t\t\t\t<div class=\"elementor-widget-container\">\n\t\t\t\t\t<h1 class=\"elementor-heading-title elementor-size-default\">refer\u00eancia <br> na regi\u00e3o<\/h1>\t\t\t\t<\/div>\n\t\t\t\t<\/div>\n\t\t\t\t<div class=\"elementor-element elementor-element-5241bfd elementor-widget__width-initial elementor-widget elementor-widget-heading\" data-id=\"5241bfd\" data-element_type=\"widget\" data-e-type=\"widget\" data-widget_type=\"heading.default\">\n\t\t\t\t<div class=\"elementor-widget-container\">\n\t\t\t\t\t<h2 class=\"elementor-heading-title elementor-size-default\">Localizados em Quissam\u00e3, atendemos com facilidade e excel\u00eancia toda a regi\u00e3o, com um espa\u00e7o de f\u00e1cil acesso e estrutura pronta para tornar cada sess\u00e3o especial. <br><br>Somos refer\u00eancia no local, dedicados a captar e eternizar momentos \u00fanicos.<\/h2>\t\t\t\t<\/div>\n\t\t\t\t<\/div>\n\t\t\t\t<\/div>\n\t\t<div class=\"elementor-element elementor-element-3ccd36b e-con-full e-flex e-con e-child\" data-id=\"3ccd36b\" data-element_type=\"container\" data-e-type=\"container\">\n\t\t\t\t<div class=\"elementor-element elementor-element-ea028df elementor-widget elementor-widget-google_maps\" data-id=\"ea028df\" data-element_type=\"widget\" data-e-type=\"widget\" data-widget_type=\"google_maps.default\">\n\t\t\t\t<div class=\"elementor-widget-container\">\n\t\t\t\t\t\t\t<div class=\"elementor-custom-embed\">\n\t\t\t<iframe loading=\"lazy\"\n\t\t\t\t\tsrc=\"https:\/\/maps.google.com\/maps?q=Carneiro%20da%20Silva%20-%20Av.%20Fernando%20Caldas%20Carneiro%20da%20Silva%2C%2040%20-%20S%C3%ADtio%20Quissam%C3%A3%2C%20Quissam%C3%A3%20-%20RJ%2C%2028735-000&#038;t=m&#038;z=15&#038;output=embed&#038;iwloc=near\"\n\t\t\t\t\ttitle=\"Carneiro da Silva - Av. Fernando Caldas Carneiro da Silva, 40 - S\u00edtio Quissam\u00e3, Quissam\u00e3 - RJ, 28735-000\"\n\t\t\t\t\taria-label=\"Carneiro da Silva - Av. Fernando Caldas Carneiro da Silva, 40 - S\u00edtio Quissam\u00e3, Quissam\u00e3 - RJ, 28735-000\"\n\t\t\t><\/iframe>\n\t\t<\/div>\n\t\t\t\t\t\t<\/div>\n\t\t\t\t<\/div>\n\t\t\t\t<\/div>\n\t\t\t\t\t<\/div>\n\t\t\t\t<\/div>\n\t\t<div class=\"elementor-element elementor-element-6a3430d e-flex e-con-boxed e-con e-parent\" data-id=\"6a3430d\" data-element_type=\"container\" data-e-type=\"container\" data-settings=\"{&quot;background_background&quot;:&quot;classic&quot;}\">\n\t\t\t\t\t<div class=\"e-con-inner\">\n\t\t<div class=\"elementor-element elementor-element-48e709e e-con-full e-flex e-con e-child\" data-id=\"48e709e\" data-element_type=\"container\" data-e-type=\"container\">\n\t\t\t\t<div class=\"elementor-element elementor-element-a7aeec4 elementor-widget__width-initial elementor-widget elementor-widget-heading\" data-id=\"a7aeec4\" data-element_type=\"widget\" data-e-type=\"widget\" data-widget_type=\"heading.default\">\n\t\t\t\t<div class=\"elementor-widget-container\">\n\t\t\t\t\t<h5 class=\"elementor-heading-title elementor-size-default\">topa uma caf\u00e9?<\/h5>\t\t\t\t<\/div>\n\t\t\t\t<\/div>\n\t\t\t\t<div class=\"elementor-element elementor-element-5adc1d6 elementor-widget__width-initial elementor-widget elementor-widget-heading\" data-id=\"5adc1d6\" data-element_type=\"widget\" data-e-type=\"widget\" data-widget_type=\"heading.default\">\n\t\t\t\t<div class=\"elementor-widget-container\">\n\t\t\t\t\t<h1 class=\"elementor-heading-title elementor-size-default\">vamos <br> conversar<\/h1>\t\t\t\t<\/div>\n\t\t\t\t<\/div>\n\t\t\t\t<\/div>\n\t\t<div class=\"elementor-element elementor-element-512fe0e e-con-full e-flex e-con e-child\" data-id=\"512fe0e\" data-element_type=\"container\" data-e-type=\"container\">\n\t\t\t\t<div class=\"elementor-element elementor-element-8616768 elementor-widget__width-initial elementor-widget elementor-widget-heading\" data-id=\"8616768\" data-element_type=\"widget\" data-e-type=\"widget\" data-widget_type=\"heading.default\">\n\t\t\t\t<div class=\"elementor-widget-container\">\n\t\t\t\t\t<h2 class=\"elementor-heading-title elementor-size-default\">Nosso trabalho \u00e9 tornar cada sess\u00e3o simples e inesquec\u00edvel, pronto para transformar momentos em mem\u00f3rias que duram para sempre? <br><br>Fale conosco e eternize sua hist\u00f3ria.<\/h2>\t\t\t\t<\/div>\n\t\t\t\t<\/div>\n\t\t\t\t<div class=\"elementor-element elementor-element-fb77155 elementor-shape-circle e-grid-align-left elementor-grid-0 elementor-widget elementor-widget-social-icons\" data-id=\"fb77155\" data-element_type=\"widget\" data-e-type=\"widget\" data-widget_type=\"social-icons.default\">\n\t\t\t\t<div class=\"elementor-widget-container\">\n\t\t\t\t\t\t\t<div class=\"elementor-social-icons-wrapper elementor-grid\" role=\"list\">\n\t\t\t\t\t\t\t<span class=\"elementor-grid-item\" role=\"listitem\">\n\t\t\t\t\t<a class=\"elementor-icon elementor-social-icon elementor-social-icon-instagram elementor-repeater-item-1ea9cac\" href=\"https:\/\/www.instagram.com\/olhardossonhos12\/\" target=\"_blank\">\n\t\t\t\t\t\t<span class=\"elementor-screen-only\">Instagram<\/span>\n\t\t\t\t\t\t<svg aria-hidden=\"true\" class=\"e-font-icon-svg e-fab-instagram\" viewBox=\"0 0 448 512\" xmlns=\"http:\/\/www.w3.org\/2000\/svg\"><path d=\"M224.1 141c-63.6 0-114.9 51.3-114.9 114.9s51.3 114.9 114.9 114.9S339 319.5 339 255.9 287.7 141 224.1 141zm0 189.6c-41.1 0-74.7-33.5-74.7-74.7s33.5-74.7 74.7-74.7 74.7 33.5 74.7 74.7-33.6 74.7-74.7 74.7zm146.4-194.3c0 14.9-12 26.8-26.8 26.8-14.9 0-26.8-12-26.8-26.8s12-26.8 26.8-26.8 26.8 12 26.8 26.8zm76.1 27.2c-1.7-35.9-9.9-67.7-36.2-93.9-26.2-26.2-58-34.4-93.9-36.2-37-2.1-147.9-2.1-184.9 0-35.8 1.7-67.6 9.9-93.9 36.1s-34.4 58-36.2 93.9c-2.1 37-2.1 147.9 0 184.9 1.7 35.9 9.9 67.7 36.2 93.9s58 34.4 93.9 36.2c37 2.1 147.9 2.1 184.9 0 35.9-1.7 67.7-9.9 93.9-36.2 26.2-26.2 34.4-58 36.2-93.9 2.1-37 2.1-147.8 0-184.8zM398.8 388c-7.8 19.6-22.9 34.7-42.6 42.6-29.5 11.7-99.5 9-132.1 9s-102.7 2.6-132.1-9c-19.6-7.8-34.7-22.9-42.6-42.6-11.7-29.5-9-99.5-9-132.1s-2.6-102.7 9-132.1c7.8-19.6 22.9-34.7 42.6-42.6 29.5-11.7 99.5-9 132.1-9s102.7-2.6 132.1 9c19.6 7.8 34.7 22.9 42.6 42.6 11.7 29.5 9 99.5 9 132.1s2.7 102.7-9 132.1z\"><\/path><\/svg>\t\t\t\t\t<\/a>\n\t\t\t\t<\/span>\n\t\t\t\t\t\t\t<span class=\"elementor-grid-item\" role=\"listitem\">\n\t\t\t\t\t<a class=\"elementor-icon elementor-social-icon elementor-social-icon-whatsapp elementor-repeater-item-50a1018\" href=\"http:\/\/wa.me\/552299905-7963\" target=\"_blank\">\n\t\t\t\t\t\t<span class=\"elementor-screen-only\">Whatsapp<\/span>\n\t\t\t\t\t\t<svg aria-hidden=\"true\" class=\"e-font-icon-svg e-fab-whatsapp\" viewBox=\"0 0 448 512\" xmlns=\"http:\/\/www.w3.org\/2000\/svg\"><path d=\"M380.9 97.1C339 55.1 283.2 32 223.9 32c-122.4 0-222 99.6-222 222 0 39.1 10.2 77.3 29.6 111L0 480l117.7-30.9c32.4 17.7 68.9 27 106.1 27h.1c122.3 0 224.1-99.6 224.1-222 0-59.3-25.2-115-67.1-157zm-157 341.6c-33.2 0-65.7-8.9-94-25.7l-6.7-4-69.8 18.3L72 359.2l-4.4-7c-18.5-29.4-28.2-63.3-28.2-98.2 0-101.7 82.8-184.5 184.6-184.5 49.3 0 95.6 19.2 130.4 54.1 34.8 34.9 56.2 81.2 56.1 130.5 0 101.8-84.9 184.6-186.6 184.6zm101.2-138.2c-5.5-2.8-32.8-16.2-37.9-18-5.1-1.9-8.8-2.8-12.5 2.8-3.7 5.6-14.3 18-17.6 21.8-3.2 3.7-6.5 4.2-12 1.4-32.6-16.3-54-29.1-75.5-66-5.7-9.8 5.7-9.1 16.3-30.3 1.8-3.7.9-6.9-.5-9.7-1.4-2.8-12.5-30.1-17.1-41.2-4.5-10.8-9.1-9.3-12.5-9.5-3.2-.2-6.9-.2-10.6-.2-3.7 0-9.7 1.4-14.8 6.9-5.1 5.6-19.4 19-19.4 46.3 0 27.3 19.9 53.7 22.6 57.4 2.8 3.7 39.1 59.7 94.8 83.8 35.2 15.2 49 16.5 66.6 13.9 10.7-1.6 32.8-13.4 37.4-26.4 4.6-13 4.6-24.1 3.2-26.4-1.3-2.5-5-3.9-10.5-6.6z\"><\/path><\/svg>\t\t\t\t\t<\/a>\n\t\t\t\t<\/span>\n\t\t\t\t\t<\/div>\n\t\t\t\t\t\t<\/div>\n\t\t\t\t<\/div>\n\t\t\t\t<\/div>\n\t\t\t\t\t<\/div>\n\t\t\t\t<\/div>\n\t\t\t\t<\/div>\n\t\t","protected":false},"excerpt":{"rendered":"<p>capturando momentos enquanto eles acontecem Capturamos momentos \u00fanicos com qualidade e autenticidade, atendendo desde fam\u00edlias que desejam guardar lembran\u00e7as at\u00e9 profissionais que buscam uma imagem de perfil marcante. quem somos excel\u00eancia e dedica\u00e7\u00e3o Apaixonados pelo que fazemos e dedicamos cada clique \u00e0 miss\u00e3o de eternizar momentos que contar\u00e3o a hist\u00f3ria de nossos clientes. Com excel\u00eancia [&hellip;]<\/p>\n","protected":false},"author":1,"featured_media":0,"parent":0,"menu_order":0,"comment_status":"closed","ping_status":"closed","template":"elementor_header_footer","meta":{"footnotes":""},"class_list":["post-8","page","type-page","status-publish","hentry"],"_links":{"self":[{"href":"https:\/\/olhardossonhos.com.br\/home\/wp-json\/wp\/v2\/pages\/8","targetHints":{"allow":["GET"]}}],"collection":[{"href":"https:\/\/olhardossonhos.com.br\/home\/wp-json\/wp\/v2\/pages"}],"about":[{"href":"https:\/\/olhardossonhos.com.br\/home\/wp-json\/wp\/v2\/types\/page"}],"author":[{"embeddable":true,"href":"https:\/\/olhardossonhos.com.br\/home\/wp-json\/wp\/v2\/users\/1"}],"replies":[{"embeddable":true,"href":"https:\/\/olhardossonhos.com.br\/home\/wp-json\/wp\/v2\/comments?post=8"}],"version-history":[{"count":97,"href":"https:\/\/olhardossonhos.com.br\/home\/wp-json\/wp\/v2\/pages\/8\/revisions"}],"predecessor-version":[{"id":427,"href":"https:\/\/olhardossonhos.com.br\/home\/wp-json\/wp\/v2\/pages\/8\/revisions\/427"}],"wp:attachment":[{"href":"https:\/\/olhardossonhos.com.br\/home\/wp-json\/wp\/v2\/media?parent=8"}],"curies":[{"name":"wp","href":"https:\/\/api.w.org\/{rel}","templated":true}]}}